{"id":2514,"date":"2021-12-05T20:16:23","date_gmt":"2021-12-05T18:16:23","guid":{"rendered":"https:\/\/www.henrikandersson.at\/press\/"},"modified":"2024-12-19T10:56:41","modified_gmt":"2024-12-19T08:56:41","slug":"press","status":"publish","type":"page","link":"https:\/\/www.henrikandersson.at\/en\/press\/","title":{"rendered":"Press"},"content":{"rendered":"\n<h2 class=\"wp-block-heading\">2023<\/h2>\n\n<div style=\"height:21px\" aria-hidden=\"true\" class=\"wp-block-spacer\"><\/div>\n\n<div class=\"wp-block-columns is-layout-flex wp-container-core-columns-layout-1 wp-block-columns-is-layout-flex\">\n<div class=\"wp-block-column is-layout-flow wp-block-column-is-layout-flow\">\n<p>Newspaper article \u201cThe Paralympics are my goal\u201d<\/p>\n<\/div>\n\n\n\n<div class=\"wp-block-column is-layout-flow wp-block-column-is-layout-flow\">\n<p><a href=\"https:\/\/kurier.at\/leben\/gesellschaft\/seine-zweite-chance-die-paralympics-sind-mein-ziel\/402319016\" target=\"_blank\" rel=\"noopener\" title=\"\">Kurier<\/a><\/p>\n<\/div>\n<\/div>\n\n<div style=\"height:40px\" aria-hidden=\"true\" class=\"wp-block-spacer\"><\/div>\n\n<div class=\"wp-block-group is-layout-flow wp-block-group-is-layout-flow\"><div class=\"wp-block-group__inner-container\">\n<h2 class=\"wp-block-heading\">2022<\/h2>\n<\/div><\/div>\n\n<div style=\"height:21px\" aria-hidden=\"true\" class=\"wp-block-spacer\"><\/div>\n\n<div class=\"wp-block-columns is-layout-flex wp-container-core-columns-layout-2 wp-block-columns-is-layout-flex\">\n<div class=\"wp-block-column is-layout-flow wp-block-column-is-layout-flow\">\n<p>Report about my accident and how I came to play table tennis<\/p>\n<\/div>\n\n\n\n<div class=\"wp-block-column is-layout-flow wp-block-column-is-layout-flow\">\n<p><a href=\"https:\/\/obsv.at\/aktuelles\/artikel\/henrik-andersson-herausforderung-sind-da-um-gemeistert-zu-werden\/\" target=\"_blank\" rel=\"noreferrer noopener\">\u00d6BSV Website<\/a><\/p>\n<\/div>\n<\/div>\n\n<div style=\"height:40px\" aria-hidden=\"true\" class=\"wp-block-spacer\"><\/div>\n\n<h2 class=\"wp-block-heading\">2021<\/h2>\n\n<div style=\"height:21px\" aria-hidden=\"true\" class=\"wp-block-spacer\"><\/div>\n\n<div class=\"wp-block-columns is-layout-flex wp-container-core-columns-layout-3 wp-block-columns-is-layout-flex\">\n<div class=\"wp-block-column is-layout-flow wp-block-column-is-layout-flow\">\n<p>Report about my national championship title<\/p>\n<\/div>\n\n\n\n<div class=\"wp-block-column is-layout-flow wp-block-column-is-layout-flow\">\n<p><a href=\"https:\/\/www.henrikandersson.at\/wp-content\/uploads\/2021\/12\/NOeN-Klosterneuburg.pdf\">N\u00d6N Klosterneuburg<\/a><\/p>\n<\/div>\n<\/div>\n\n<div style=\"height:40px\" aria-hidden=\"true\" class=\"wp-block-spacer\"><\/div>\n\n<h2 class=\"wp-block-heading\">2020<\/h2>\n\n<div style=\"height:21px\" aria-hidden=\"true\" class=\"wp-block-spacer\"><\/div>\n\n<div class=\"wp-block-columns is-layout-flex wp-container-core-columns-layout-4 wp-block-columns-is-layout-flex\">\n<div class=\"wp-block-column is-layout-flow wp-block-column-is-layout-flow\">\n<p> Report about my first skydive <\/p>\n<\/div>\n\n\n\n<div class=\"wp-block-column is-layout-flow wp-block-column-is-layout-flow\">\n<p><a href=\"https:\/\/obsv.at\/aktuelles\/artikel\/fallschirmspringen-als-rollstuhlfahrer-andersson-erfuellt-sich-lebenstraum\/\" target=\"_blank\" rel=\"noreferrer noopener\">\u00d6BSV Website<\/a><\/p>\n<\/div>\n<\/div>\n\n<div class=\"wp-block-columns is-layout-flex wp-container-core-columns-layout-5 wp-block-columns-is-layout-flex\">\n<div class=\"wp-block-column is-layout-flow wp-block-column-is-layout-flow\">\n<p>Report about my training during Covid<\/p>\n<\/div>\n\n\n\n<div class=\"wp-block-column is-layout-flow wp-block-column-is-layout-flow\">\n<p><a href=\"https:\/\/www.henrikandersson.at\/wp-content\/uploads\/2021\/12\/Agustin.pdf\">Augustin Newspaper<\/a><\/p>\n<\/div>\n<\/div>\n\n<div class=\"wp-block-columns is-layout-flex wp-container-core-columns-layout-6 wp-block-columns-is-layout-flex\">\n<div class=\"wp-block-column is-layout-flow wp-block-column-is-layout-flow\">\n<p>Training program in Linz<\/p>\n<\/div>\n\n\n\n<div class=\"wp-block-column is-layout-flow wp-block-column-is-layout-flow\">\n<p><a href=\"https:\/\/www.henrikandersson.at\/wp-content\/uploads\/2021\/12\/Behindertensport.pdf\">Disabled Sports Magazine<\/a><\/p>\n<\/div>\n<\/div>\n\n<div style=\"height:40px\" aria-hidden=\"true\" class=\"wp-block-spacer\"><\/div>\n\n<h2 class=\"wp-block-heading\">2019<\/h2>\n\n<div style=\"height:21px\" aria-hidden=\"true\" class=\"wp-block-spacer\"><\/div>\n\n<div class=\"wp-block-columns is-layout-flex wp-container-core-columns-layout-7 wp-block-columns-is-layout-flex\">\n<div class=\"wp-block-column is-layout-flow wp-block-column-is-layout-flow\">\n<p>The team at the Austrian National Championship in Tyrol<\/p>\n<\/div>\n\n\n\n<div class=\"wp-block-column is-layout-flow wp-block-column-is-layout-flow\">\n<p><a href=\"https:\/\/www.henrikandersson.at\/wp-content\/uploads\/2021\/12\/Mannschaft-Kirchbichl.pdf\">Report<\/a><\/p>\n<\/div>\n<\/div>\n\n<div class=\"wp-block-columns is-layout-flex wp-container-core-columns-layout-8 wp-block-columns-is-layout-flex\">\n<div class=\"wp-block-column is-layout-flow wp-block-column-is-layout-flow\"><\/div>\n\n\n\n<div class=\"wp-block-column is-layout-flow wp-block-column-is-layout-flow\"><\/div>\n<\/div>\n","protected":false},"excerpt":{"rendered":"<p>2023 Newspaper article \u201cThe Paralympics are my goal\u201d Kurier 2022 Report about my accident and how I came to play table tennis \u00d6BSV Website 2021 Report about my national championship title N\u00d6N Klosterneuburg 2020 Report about my first skydive \u00d6BSV Website Report about my training during Covid Augustin Newspaper Training program in Linz Disabled Sports Magazine 2019 The team at &hellip;<\/p>\n","protected":false},"author":1,"featured_media":0,"parent":0,"menu_order":0,"comment_status":"closed","ping_status":"closed","template":"","meta":{"footnotes":""},"aioseo_notices":[],"_links":{"self":[{"href":"https:\/\/www.henrikandersson.at\/en\/wp-json\/wp\/v2\/pages\/2514"}],"collection":[{"href":"https:\/\/www.henrikandersson.at\/en\/wp-json\/wp\/v2\/pages"}],"about":[{"href":"https:\/\/www.henrikandersson.at\/en\/wp-json\/wp\/v2\/types\/page"}],"author":[{"embeddable":true,"href":"https:\/\/www.henrikandersson.at\/en\/wp-json\/wp\/v2\/users\/1"}],"replies":[{"embeddable":true,"href":"https:\/\/www.henrikandersson.at\/en\/wp-json\/wp\/v2\/comments?post=2514"}],"version-history":[{"count":1,"href":"https:\/\/www.henrikandersson.at\/en\/wp-json\/wp\/v2\/pages\/2514\/revisions"}],"predecessor-version":[{"id":2515,"href":"https:\/\/www.henrikandersson.at\/en\/wp-json\/wp\/v2\/pages\/2514\/revisions\/2515"}],"wp:attachment":[{"href":"https:\/\/www.henrikandersson.at\/en\/wp-json\/wp\/v2\/media?parent=2514"}],"curies":[{"name":"wp","href":"https:\/\/api.w.org\/{rel}","templated":true}]}}